{"id":9573,"date":"2025-08-19T05:45:25","date_gmt":"2025-08-19T05:45:25","guid":{"rendered":"https:\/\/auspacekitchenware.com\/?post_type=product&#038;p=9573"},"modified":"2025-08-19T05:51:50","modified_gmt":"2025-08-19T05:51:50","slug":"olla-de-aluminio-de-20-cm-con-tapa-fundida-a-presion-venta-al-por-mayor","status":"publish","type":"product","link":"https:\/\/www.auspacekitchenware.com\/es\/die-casting-20cm-aluminum-casserole-with-lid-wholesale\/","title":{"rendered":"Cacerola de aluminio fundido a presi\u00f3n de 20 cm con tapa al por mayor"},"content":{"rendered":"<p><strong><span class=\"a-list-item\">CONSTRUCCI\u00d3N DE CALIDAD:<\/span><\/strong><\/p>\n<p><span class=\"a-list-item\">Esta cacerola de aluminio fundido a presi\u00f3n de 20 cm est\u00e1 fabricada en aluminio fundido y cuenta con un revestimiento antiadherente con acabado moteado bronceado, lo que combina durabilidad y estilo a la vez que proporciona una distribuci\u00f3n uniforme del calor y facilita la liberaci\u00f3n de los alimentos para cocinar sin esfuerzo.<\/span><\/p>\n<p><strong><span class=\"a-list-item\">CARACTER\u00cdSTICAS DE DISE\u00d1O: <\/span><\/strong><\/p>\n<p><span class=\"a-list-item\">Las asas de f\u00e1cil agarre proporcionan comodidad y control, mientras que la tapa de vidrio herm\u00e9tica con salida de vapor retiene la humedad y el sabor; apto para horno sin la tapa, lo que ofrece versatilidad para diversas t\u00e9cnicas de cocci\u00f3n.<\/span><\/p>\n<p><strong><span class=\"a-list-item\">USO VERS\u00c1TIL: <\/span><\/strong><\/p>\n<p><span class=\"a-list-item\">Esta cacerola de aluminio fundido a presi\u00f3n de 20 cm es ideal para cocinar arroz, calderos, frijoles, salsas, guisos y hornear. Este utensilio de cocina es perfecto para una gran variedad de platos, ya que permite cambiar f\u00e1cilmente entre diferentes m\u00e9todos de cocci\u00f3n para diversas recetas.<\/span><\/p>\n<p><strong><span class=\"a-list-item\">PERFECTO PARA LA COCINA TRADICIONAL: <\/span><\/strong><\/p>\n<p><span class=\"a-list-item\">Esta cacerola de aluminio fundido a presi\u00f3n de 20 cm es ideal para el uso diario, especialmente para preparar recetas tradicionales hispanas. Este utensilio de cocina es imprescindible para cualquiera que desee crear platos sabrosos y aut\u00e9nticos con facilidad.<\/span><\/p>\n<p><span class=\"a-list-item\">Este producto contiene acero inoxidable (cromo total, compuestos de cromo, n\u00edquel y compuestos de n\u00edquel, hierro, manganeso y compuestos de manganeso, f\u00f3sforo, cobre), aluminio y sustancias qu\u00edmicas PFAS. Para obtener m\u00e1s informaci\u00f3n sobre las sustancias qu\u00edmicas que contiene este producto, visite: ww.imusausa.com\/commitment.<\/span><\/p>","protected":false},"excerpt":{"rendered":"<table style=\"height: 304px\" width=\"672\">\n<tbody>\n<tr>\n<td>Modelo (n\u00famero de producto):<\/td>\n<td>AU-CW0090<\/td>\n<\/tr>\n<tr>\n<td>Tama\u00f1o del producto:<\/td>\n<td>\u00a020 \u00d7 10 cm<\/td>\n<\/tr>\n<tr>\n<td>Material del producto:<\/td>\n<td>Aluminio<\/td>\n<\/tr>\n<tr>\n<td>Color del producto:<\/td>\n<td>Personalizado<\/td>\n<\/tr>\n<tr>\n<td>Informaci\u00f3n sobre el empaque:<\/td>\n<td>8 por caja<\/td>\n<\/tr>\n<tr>\n<td>Cantidad m\u00ednima de pedido:<\/td>\n<td>1000 unidades<\/td>\n<\/tr>\n<tr>\n<td>Origen:<\/td>\n<td>China<\/td>\n<\/tr>\n<tr>\n<td>Precio:<\/td>\n<td>Negociaci\u00f3n<\/td>\n<\/tr>\n<\/tbody>\n<\/table>\n<p>&nbsp;<\/p>","protected":false},"featured_media":9574,"comment_status":"open","ping_status":"closed","template":"","meta":{"_acf_changed":false},"product_brand":[],"product_cat":[112,117],"product_tag":[],"class_list":{"0":"post-9573","1":"product","2":"type-product","3":"status-publish","4":"has-post-thumbnail","6":"product_cat-cookware","7":"product_cat-casserole","8":"pif-has-gallery","10":"first","11":"instock","12":"shipping-taxable","13":"product-type-simple"},"acf":[],"_links":{"self":[{"href":"https:\/\/www.auspacekitchenware.com\/es\/wp-json\/wp\/v2\/product\/9573","targetHints":{"allow":["GET"]}}],"collection":[{"href":"https:\/\/www.auspacekitchenware.com\/es\/wp-json\/wp\/v2\/product"}],"about":[{"href":"https:\/\/www.auspacekitchenware.com\/es\/wp-json\/wp\/v2\/types\/product"}],"replies":[{"embeddable":true,"href":"https:\/\/www.auspacekitchenware.com\/es\/wp-json\/wp\/v2\/comments?post=9573"}],"wp:featuredmedia":[{"embeddable":true,"href":"https:\/\/www.auspacekitchenware.com\/es\/wp-json\/wp\/v2\/media\/9574"}],"wp:attachment":[{"href":"https:\/\/www.auspacekitchenware.com\/es\/wp-json\/wp\/v2\/media?parent=9573"}],"wp:term":[{"taxonomy":"product_brand","embeddable":true,"href":"https:\/\/www.auspacekitchenware.com\/es\/wp-json\/wp\/v2\/product_brand?post=9573"},{"taxonomy":"product_cat","embeddable":true,"href":"https:\/\/www.auspacekitchenware.com\/es\/wp-json\/wp\/v2\/product_cat?post=9573"},{"taxonomy":"product_tag","embeddable":true,"href":"https:\/\/www.auspacekitchenware.com\/es\/wp-json\/wp\/v2\/product_tag?post=9573"}],"curies":[{"name":"wp","href":"https:\/\/api.w.org\/{rel}","templated":true}]}}