{"id":8595,"date":"2025-07-29T06:24:52","date_gmt":"2025-07-29T06:24:52","guid":{"rendered":"https:\/\/auspacekitchenware.com\/?post_type=product&#038;p=8595"},"modified":"2025-07-29T06:42:47","modified_gmt":"2025-07-29T06:42:47","slug":"mini-taza-de-cafe-de-acero-inoxidable-al-por-mayor","status":"publish","type":"product","link":"https:\/\/www.auspacekitchenware.com\/es\/mini-stainless-steel-coffee-mug-wholesale\/","title":{"rendered":"Mini taza de caf\u00e9 de acero inoxidable al por mayor"},"content":{"rendered":"<p><strong><span class=\"a-list-item\">F\u00e1cil de transportar: <\/span><\/strong><\/p>\n<p><span class=\"a-list-item\">Mini taza de caf\u00e9 de acero inoxidable, de tama\u00f1o peque\u00f1o, con una altura m\u00e1xima de 8 cm. Se puede llevar consigo o guardar en una peque\u00f1a bolsa de viaje o incluso en un bolsillo.<\/span><\/p>\n<p><strong><span class=\"a-list-item\">El material no se da\u00f1a f\u00e1cilmente: <\/span><\/strong><\/p>\n<p><span class=\"a-list-item\">El material de acero inoxidable al vac\u00edo de doble capa, con pintura de diamante en el exterior, es resistente al desgaste y no se da\u00f1a f\u00e1cilmente, por lo que puede utilizarse durante mucho tiempo.<\/span><\/p>\n<p><strong><span class=\"a-list-item\">APLICACIONES VERS\u00c1TILES:<\/span><\/strong><\/p>\n<p>Esta mini taza de caf\u00e9 de acero inoxidable es ideal para c\u00f3cteles, caf\u00e9, cerveza y chupitos de whisky. Esta mini taza de caf\u00e9 de acero inoxidable combina un tama\u00f1o compacto con un dise\u00f1o atractivo, ideal para cumplea\u00f1os, reuniones en casa o eventos exclusivos.<\/p>\n<p><strong><span class=\"a-list-item\">CON TAPAS Y PAJITAS: <\/span><\/strong><\/p>\n<p><span class=\"a-list-item\">Cada mini taza de caf\u00e9 de acero inoxidable y pajita evita derrames molestos durante las reuniones animadas mientras disfrutas de tragos de whisky, caf\u00e9s con leche helados o bebidas mezcladas sin esfuerzo.<\/span><\/p>","protected":false},"excerpt":{"rendered":"<table style=\"height: 304px\" width=\"672\">\n<tbody>\n<tr>\n<td>Modelo (n\u00famero de producto):<\/td>\n<td>AU-BT0090<\/td>\n<\/tr>\n<tr>\n<td>Tama\u00f1o del producto:<\/td>\n<td>4 x 5,5 x 9 cm, 130 ml<\/td>\n<\/tr>\n<tr>\n<td>Material del producto:<\/td>\n<td>Interior S\/S304 + exterior S\/S201<\/td>\n<\/tr>\n<tr>\n<td>Color del producto:<\/td>\n<td>Personalizado<\/td>\n<\/tr>\n<tr>\n<td>Informaci\u00f3n sobre el empaque:<\/td>\n<td>48 piezas por caja<\/td>\n<\/tr>\n<tr>\n<td>Cantidad m\u00ednima de pedido:<\/td>\n<td>3000 unidades<\/td>\n<\/tr>\n<tr>\n<td>Origen:<\/td>\n<td>China<\/td>\n<\/tr>\n<tr>\n<td>Precio:<\/td>\n<td>Negociaci\u00f3n<\/td>\n<\/tr>\n<\/tbody>\n<\/table>","protected":false},"featured_media":8596,"comment_status":"open","ping_status":"closed","template":"","meta":{"_acf_changed":false},"product_brand":[],"product_cat":[20,97],"product_tag":[],"class_list":{"0":"post-8595","1":"product","2":"type-product","3":"status-publish","4":"has-post-thumbnail","6":"product_cat-water-bottles","7":"product_cat-stainless-steel-coffee-mug","8":"pif-has-gallery","10":"first","11":"instock","12":"shipping-taxable","13":"product-type-simple"},"acf":[],"_links":{"self":[{"href":"https:\/\/www.auspacekitchenware.com\/es\/wp-json\/wp\/v2\/product\/8595","targetHints":{"allow":["GET"]}}],"collection":[{"href":"https:\/\/www.auspacekitchenware.com\/es\/wp-json\/wp\/v2\/product"}],"about":[{"href":"https:\/\/www.auspacekitchenware.com\/es\/wp-json\/wp\/v2\/types\/product"}],"replies":[{"embeddable":true,"href":"https:\/\/www.auspacekitchenware.com\/es\/wp-json\/wp\/v2\/comments?post=8595"}],"wp:featuredmedia":[{"embeddable":true,"href":"https:\/\/www.auspacekitchenware.com\/es\/wp-json\/wp\/v2\/media\/8596"}],"wp:attachment":[{"href":"https:\/\/www.auspacekitchenware.com\/es\/wp-json\/wp\/v2\/media?parent=8595"}],"wp:term":[{"taxonomy":"product_brand","embeddable":true,"href":"https:\/\/www.auspacekitchenware.com\/es\/wp-json\/wp\/v2\/product_brand?post=8595"},{"taxonomy":"product_cat","embeddable":true,"href":"https:\/\/www.auspacekitchenware.com\/es\/wp-json\/wp\/v2\/product_cat?post=8595"},{"taxonomy":"product_tag","embeddable":true,"href":"https:\/\/www.auspacekitchenware.com\/es\/wp-json\/wp\/v2\/product_tag?post=8595"}],"curies":[{"name":"wp","href":"https:\/\/api.w.org\/{rel}","templated":true}]}}