{"id":4899,"date":"2025-04-01T06:23:41","date_gmt":"2025-04-01T06:23:41","guid":{"rendered":"https:\/\/auspacekitchenware.com\/?post_type=product&#038;p=4899"},"modified":"2025-04-01T06:37:39","modified_gmt":"2025-04-01T06:37:39","slug":"tabla-de-cortar-con-diseno-de-tablero-de-ajedrez-al-por-mayor","status":"publish","type":"product","link":"https:\/\/www.auspacekitchenware.com\/es\/checkerboard-pattern-cutting-board-wholesale\/","title":{"rendered":"Tabla de cortar con dise\u00f1o de tablero de ajedrez al por mayor"},"content":{"rendered":"<div id=\"featurebullets_feature_div\" class=\"celwidget\" data-feature-name=\"featurebullets\" data-csa-c-type=\"widget\" data-csa-c-content-id=\"featurebullets\" data-csa-c-slot-id=\"featurebullets_feature_div\" data-csa-c-asin=\"B0D2XTGXF1\" data-csa-c-is-in-initial-active-row=\"false\" data-csa-c-id=\"jtn4hd-epzsx1-5dschr-8zadx1\" data-cel-widget=\"featurebullets_feature_div\">\n<div id=\"feature-bullets\" class=\"a-section a-spacing-medium a-spacing-top-small\">\n<p><strong><span class=\"a-list-item\">TABLA DE CORTAR DE MADERA PERFECTA<\/span><\/strong><\/p>\n<p><span class=\"a-list-item\">Nuestra tabla de cortar con dise\u00f1o de tablero de ajedrez mide 43 x 30 cm, lo que la hace 5 cm m\u00e1s larga que la mayor\u00eda de las que hay en el mercado. En entrevistas con muchos entusiastas de la cocina, se descubri\u00f3 que este tama\u00f1o es perfecto para una tabla de cortar. Ya sea para picar, rebanar o cortar en cubitos en la cocina, esta tabla satisfar\u00e1 sus necesidades. Viene en una bonita caja de regalo, lo que la convierte en el mejor regalo para familiares y amigos. \u00a1Todas las mam\u00e1s deber\u00edan tener una de estas tablas de cortar de nogal!<\/span><\/p>\n<p><strong><span class=\"a-list-item\">ROMPIENDO CON EL DISE\u00d1O TRADICIONAL<\/span><\/strong><\/p>\n<p><span class=\"a-list-item\">Nuestras tablas de cortar con dise\u00f1o de tablero de ajedrez est\u00e1n fabricadas con madera de acacia y madera de caucho, resistentes y duraderas. Esta tabla de cortar rompe con el dise\u00f1o convencional de colores apagados y utiliza la veta transversal para a\u00f1adir un toque de color brillante a su cocina. Nuestro dise\u00f1ador estadounidense entiende las necesidades de los entusiastas de la cocina, y el producto finalmente sali\u00f3 al mercado tras 365 d\u00edas de pulido continuo. Esperamos que esta tabla de cortar de madera no sea solo una tabla de cortar, sino una obra de arte.<\/span><\/p>\n<p><strong><span class=\"a-list-item\">VERS\u00c1TIL Y PR\u00c1CTICO<\/span><\/strong><\/p>\n<p><span class=\"a-list-item\">Dise\u00f1ada para un uso polivalente y un f\u00e1cil manejo, nuestra tabla de cortar con dise\u00f1o de tablero de ajedrez cuenta con asas de transporte integradas, para que puedas trasladar los ingredientes a la cocina sin complicaciones. Nuestros exclusivos dise\u00f1os de tablas de cortar tambi\u00e9n se pueden utilizar como bandejas para servir o platos de queso, son muy f\u00e1ciles de transportar de la cocina a la mesa, o se pueden utilizar para repartir aperitivos en tu pr\u00f3xima cena o evento. Para evitar que la tabla de cortar se deslice sobre la encimera, te regalamos 4 almohadillas antideslizantes de goma.<\/span><\/p>\n<p><strong><span class=\"a-list-item\">USO POR AMBOS LADOS<\/span><\/strong><\/p>\n<p><span class=\"a-list-item\">Esta tabla de cortar grande y lisa, fabricada en madera de acacia con dise\u00f1o de tablero de ajedrez, cuenta con un dise\u00f1o con ranura para recoger los jugos en la parte delantera, que recoge perfectamente los l\u00edquidos mientras corta, pica y trocea. Su amplia superficie se adapta a todas sus necesidades culinarias. La parte trasera ofrece un espacio plano y vers\u00e1til para preparar ingredientes, servir carnes a la parrilla, presentar bandejas de quesos o utilizarla como tapete de cocina. Perfecta para barbacoas, fiestas o para cocinar a diario.<\/span><\/p>\n<p><strong><span class=\"a-list-item\">SERVICIO DE MARCA PROFESIONAL<\/span><\/strong><\/p>\n<p><span class=\"a-list-item\">THETCHRY es un proveedor de larga data de conocidos supermercados minoristas tradicionales. Nos comprometemos a proporcionar a nuestros clientes una experiencia culinaria segura y eficiente, as\u00ed como la mejor atenci\u00f3n al cliente. Si tiene alguna pregunta, no dude en consultarnos. Ofrecemos atenci\u00f3n al cliente las 24 horas del d\u00eda, los 7 d\u00edas de la semana, para resolver todas sus necesidades.<\/span><\/p>\n<\/div>\n<\/div>\n<p><img fetchpriority=\"high\" decoding=\"async\" class=\"alignnone size-full wp-image-4887\" src=\"https:\/\/www.auspacekitchenware.com\/wp-content\/uploads\/2025\/04\/L2-2025040106050737.webp\" alt=\"\" width=\"1400\" height=\"400\" \/><\/p>","protected":false},"excerpt":{"rendered":"<table style=\"height: 304px\" width=\"672\">\n<tbody>\n<tr>\n<td>Modelo (n\u00famero de producto):<\/td>\n<td>TT25CB03<\/td>\n<\/tr>\n<tr>\n<td>Tama\u00f1o del producto:<\/td>\n<td>43 cm de largo x 30 cm de ancho x 2 cm de grosor<\/td>\n<\/tr>\n<tr>\n<td>Material del producto:<\/td>\n<td>Madera de acacia<\/td>\n<\/tr>\n<tr>\n<td>Color del producto:<\/td>\n<td>Personalizado<\/td>\n<\/tr>\n<tr>\n<td>Informaci\u00f3n sobre el empaque:<\/td>\n<td>24 piezas por caja<\/td>\n<\/tr>\n<tr>\n<td>Cantidad m\u00ednima de pedido:<\/td>\n<td>500 unidades<\/td>\n<\/tr>\n<tr>\n<td>Origen:<\/td>\n<td>China<\/td>\n<\/tr>\n<tr>\n<td>Precio:<\/td>\n<td>Negociaci\u00f3n<\/td>\n<\/tr>\n<\/tbody>\n<\/table>","protected":false},"featured_media":4900,"comment_status":"open","ping_status":"closed","template":"","meta":{"_acf_changed":false},"product_brand":[],"product_cat":[77,17],"product_tag":[],"class_list":{"0":"post-4899","1":"product","2":"type-product","3":"status-publish","4":"has-post-thumbnail","6":"product_cat-cutting-boards-serving-boards","7":"product_cat-kitchen-utensils","8":"pif-has-gallery","10":"first","11":"instock","12":"shipping-taxable","13":"product-type-simple"},"acf":[],"_links":{"self":[{"href":"https:\/\/www.auspacekitchenware.com\/es\/wp-json\/wp\/v2\/product\/4899","targetHints":{"allow":["GET"]}}],"collection":[{"href":"https:\/\/www.auspacekitchenware.com\/es\/wp-json\/wp\/v2\/product"}],"about":[{"href":"https:\/\/www.auspacekitchenware.com\/es\/wp-json\/wp\/v2\/types\/product"}],"replies":[{"embeddable":true,"href":"https:\/\/www.auspacekitchenware.com\/es\/wp-json\/wp\/v2\/comments?post=4899"}],"wp:featuredmedia":[{"embeddable":true,"href":"https:\/\/www.auspacekitchenware.com\/es\/wp-json\/wp\/v2\/media\/4900"}],"wp:attachment":[{"href":"https:\/\/www.auspacekitchenware.com\/es\/wp-json\/wp\/v2\/media?parent=4899"}],"wp:term":[{"taxonomy":"product_brand","embeddable":true,"href":"https:\/\/www.auspacekitchenware.com\/es\/wp-json\/wp\/v2\/product_brand?post=4899"},{"taxonomy":"product_cat","embeddable":true,"href":"https:\/\/www.auspacekitchenware.com\/es\/wp-json\/wp\/v2\/product_cat?post=4899"},{"taxonomy":"product_tag","embeddable":true,"href":"https:\/\/www.auspacekitchenware.com\/es\/wp-json\/wp\/v2\/product_tag?post=4899"}],"curies":[{"name":"wp","href":"https:\/\/api.w.org\/{rel}","templated":true}]}}