{"id":3275,"date":"2025-02-21T08:50:25","date_gmt":"2025-02-21T08:50:25","guid":{"rendered":"https:\/\/auspacekitchenware.com\/?post_type=product&#038;p=3275"},"modified":"2025-03-03T08:50:59","modified_gmt":"2025-03-03T08:50:59","slug":"cookie-cutters-wholesale-supplier-2","status":"publish","type":"product","link":"https:\/\/www.auspacekitchenware.com\/es\/cookie-cutters-wholesale-supplier-2\/","title":{"rendered":"Proveedor mayorista de cortadores de galletas navide\u00f1as: OEM y personalizados disponibles"},"content":{"rendered":"<p data-start=\"47\" data-end=\"301\"><strong data-start=\"47\" data-end=\"78\">Variedad de formas y dise\u00f1os<\/strong><\/p>\n<p data-start=\"47\" data-end=\"301\">Los cortadores de galletas est\u00e1n disponibles en una amplia gama de formas y dise\u00f1os, lo que los hace perfectos para crear galletas tem\u00e1ticas para fiestas, eventos u ocasiones especiales. Su versatilidad atrae tanto a los reposteros caseros como a las panader\u00edas comerciales.<\/p>\n<p data-start=\"306\" data-end=\"575\"><strong data-start=\"306\" data-end=\"331\">Duradero y f\u00e1cil de usar<\/strong><\/p>\n<p data-start=\"306\" data-end=\"575\">Fabricados con materiales de alta calidad, como acero inoxidable o pl\u00e1stico, los cortadores de galletas son duraderos y est\u00e1n dise\u00f1ados para facilitar su uso. Su dise\u00f1o sencillo pero eficaz permite cortar con precisi\u00f3n y con el m\u00ednimo esfuerzo, lo que los convierte en una herramienta muy apreciada en las cocinas.<\/p>\n<p data-start=\"580\" data-end=\"861\"><strong data-start=\"580\" data-end=\"616\">Eficiente en cuanto a espacio y rentable<\/strong><\/p>\n<p data-start=\"580\" data-end=\"861\">Los cortadores de galletas son compactos y f\u00e1ciles de guardar, lo que los hace ideales para cocinas con espacio limitado. Son econ\u00f3micos, especialmente cuando se compran al por mayor, lo que ofrece una gran ventaja para los compradores mayoristas que necesitan almacenar una variedad de formas y tama\u00f1os.<\/p>\n<p data-start=\"580\" data-end=\"861\"><img fetchpriority=\"high\" decoding=\"async\" class=\"alignnone size-full wp-image-3263\" src=\"https:\/\/www.auspacekitchenware.com\/wp-content\/uploads\/2025\/02\/toolsandgadgetsbanner_3024x-2025022108315781.webp\" alt=\"Cortador de galletas - 1\" width=\"1400\" height=\"400\" \/><\/p>","protected":false},"excerpt":{"rendered":"<table style=\"height: 304px\" width=\"672\">\n<tbody>\n<tr>\n<td>Modelo (n\u00famero de producto):<\/td>\n<td>HU-002<\/td>\n<\/tr>\n<tr>\n<td>Tama\u00f1o del producto:<\/td>\n<td>\n<div data-spm-anchor-id=\"a2700.pc-decorate.0.i9.53b13333C9MlZE\">14X12X10 cm<\/div>\n<\/td>\n<\/tr>\n<tr>\n<td>Material del producto:<\/td>\n<td>Acero inoxidable<\/td>\n<\/tr>\n<tr>\n<td>Color del producto:<\/td>\n<td>Gris<\/td>\n<\/tr>\n<tr>\n<td>Informaci\u00f3n sobre el empaque:<\/td>\n<td>20 piezas por caja<\/td>\n<\/tr>\n<tr>\n<td>Cantidad m\u00ednima de pedido:<\/td>\n<td>1000 unidades<\/td>\n<\/tr>\n<tr>\n<td>Origen:<\/td>\n<td>China<\/td>\n<\/tr>\n<tr>\n<td>Precio:<\/td>\n<td>Negociaci\u00f3n<\/td>\n<\/tr>\n<\/tbody>\n<\/table>","protected":false},"featured_media":3277,"comment_status":"open","ping_status":"closed","template":"","meta":{"_acf_changed":false},"product_brand":[],"product_cat":[45,18],"product_tag":[58],"class_list":{"0":"post-3275","1":"product","2":"type-product","3":"status-publish","4":"has-post-thumbnail","6":"product_cat-cookie-cutters-bakeware","7":"product_cat-bakeware","8":"product_tag-featured","9":"pif-has-gallery","11":"first","12":"instock","13":"shipping-taxable","14":"product-type-simple"},"acf":[],"_links":{"self":[{"href":"https:\/\/www.auspacekitchenware.com\/es\/wp-json\/wp\/v2\/product\/3275","targetHints":{"allow":["GET"]}}],"collection":[{"href":"https:\/\/www.auspacekitchenware.com\/es\/wp-json\/wp\/v2\/product"}],"about":[{"href":"https:\/\/www.auspacekitchenware.com\/es\/wp-json\/wp\/v2\/types\/product"}],"replies":[{"embeddable":true,"href":"https:\/\/www.auspacekitchenware.com\/es\/wp-json\/wp\/v2\/comments?post=3275"}],"wp:featuredmedia":[{"embeddable":true,"href":"https:\/\/www.auspacekitchenware.com\/es\/wp-json\/wp\/v2\/media\/3277"}],"wp:attachment":[{"href":"https:\/\/www.auspacekitchenware.com\/es\/wp-json\/wp\/v2\/media?parent=3275"}],"wp:term":[{"taxonomy":"product_brand","embeddable":true,"href":"https:\/\/www.auspacekitchenware.com\/es\/wp-json\/wp\/v2\/product_brand?post=3275"},{"taxonomy":"product_cat","embeddable":true,"href":"https:\/\/www.auspacekitchenware.com\/es\/wp-json\/wp\/v2\/product_cat?post=3275"},{"taxonomy":"product_tag","embeddable":true,"href":"https:\/\/www.auspacekitchenware.com\/es\/wp-json\/wp\/v2\/product_tag?post=3275"}],"curies":[{"name":"wp","href":"https:\/\/api.w.org\/{rel}","templated":true}]}}