{"id":2553,"date":"2025-02-19T02:55:27","date_gmt":"2025-02-19T02:55:27","guid":{"rendered":"https:\/\/auspacekitchenware.com\/?post_type=product&#038;p=2553"},"modified":"2025-02-26T03:50:19","modified_gmt":"2025-02-26T03:50:19","slug":"botella-de-agua-de-plastico-con-escala","status":"publish","type":"product","link":"https:\/\/www.auspacekitchenware.com\/es\/plastic-water-bottle-with-scale\/","title":{"rendered":"Botella de agua de pl\u00e1stico de 1000 ml con escala"},"content":{"rendered":"<p><strong><span class=\"a-list-item\">APTO PARA LAVAPLATOS<\/span><\/strong><\/p>\n<p><span class=\"a-list-item\">La botella de agua de pl\u00e1stico con escala se puede lavar en el lavavajillas, y la tapa y la correa se limpian f\u00e1cilmente a mano. Esta elegante botella de agua no contiene BPA y es totalmente at\u00f3xica.<\/span><\/p>\n<p><strong><span class=\"a-list-item\">MEDIDAS INGESTA DIARIA<\/span><\/strong><\/p>\n<p><span class=\"a-list-item\">\u00a1Lleve un registro de sus objetivos de hidrataci\u00f3n con esta botella de agua reutilizable con medidas y mejore sus niveles de hidrataci\u00f3n diarios!<\/span><\/p>\n<p><strong><span class=\"a-list-item\">SE ADAPTA A MOCHILAS Y PORTAVASOS<\/span><\/strong><\/p>\n<p><span class=\"a-list-item\">Esta botella de agua delgada est\u00e1 dise\u00f1ada para ser pr\u00e1ctica, ya que cabe perfectamente en mochilas y portavasos est\u00e1ndar. Ideal para sesiones de gimnasio, viajes o trabajo: \u00a1lista para cualquier aventura!<\/span><\/p>\n<p><strong><span class=\"a-list-item\">LIGERO Y A PRUEBA DE ROTURAS<\/span><\/strong><\/p>\n<p><span class=\"a-list-item\">Fabricada con pl\u00e1stico Tritan de alta calidad, esta botella de agua de 32 oz es f\u00e1cil de transportar y lo suficientemente resistente como para soportar impactos.<\/span><\/p>\n<p><img fetchpriority=\"high\" decoding=\"async\" class=\"alignnone size-full wp-image-2559\" src=\"https:\/\/www.auspacekitchenware.com\/wp-content\/uploads\/2025\/02\/pexels-cottonbro-4781442_\u526f\u672c-2025021902541499.webp\" alt=\"\" width=\"1400\" height=\"400\" \/><\/p>","protected":false},"excerpt":{"rendered":"<table style=\"height: 304px\" width=\"672\">\n<tbody>\n<tr>\n<td>Modelo (n\u00famero de producto):<\/td>\n<td>AM-1015<\/td>\n<\/tr>\n<tr>\n<td>Tama\u00f1o del producto:<\/td>\n<td>28 x 5 x 5 cm<\/td>\n<\/tr>\n<tr>\n<td>Material del producto:<\/td>\n<td>Tritan<\/td>\n<\/tr>\n<tr>\n<td>Color del producto:<\/td>\n<td>Transparente<\/td>\n<\/tr>\n<tr>\n<td>Informaci\u00f3n sobre el empaque:<\/td>\n<td>20 piezas por caja<\/td>\n<\/tr>\n<tr>\n<td>Cantidad m\u00ednima de pedido:<\/td>\n<td>1000 unidades<\/td>\n<\/tr>\n<tr>\n<td>Origen:<\/td>\n<td>China<\/td>\n<\/tr>\n<tr>\n<td>Precio:<\/td>\n<td>Negociaci\u00f3n<\/td>\n<\/tr>\n<\/tbody>\n<\/table>","protected":false},"featured_media":2560,"comment_status":"open","ping_status":"closed","template":"","meta":{"_acf_changed":false},"product_brand":[],"product_cat":[20,54],"product_tag":[58],"class_list":{"0":"post-2553","1":"product","2":"type-product","3":"status-publish","4":"has-post-thumbnail","6":"product_cat-water-bottles","7":"product_cat-plastic-water-bottle","8":"product_tag-featured","9":"pif-has-gallery","11":"first","12":"instock","13":"shipping-taxable","14":"product-type-simple"},"acf":[],"_links":{"self":[{"href":"https:\/\/www.auspacekitchenware.com\/es\/wp-json\/wp\/v2\/product\/2553","targetHints":{"allow":["GET"]}}],"collection":[{"href":"https:\/\/www.auspacekitchenware.com\/es\/wp-json\/wp\/v2\/product"}],"about":[{"href":"https:\/\/www.auspacekitchenware.com\/es\/wp-json\/wp\/v2\/types\/product"}],"replies":[{"embeddable":true,"href":"https:\/\/www.auspacekitchenware.com\/es\/wp-json\/wp\/v2\/comments?post=2553"}],"wp:featuredmedia":[{"embeddable":true,"href":"https:\/\/www.auspacekitchenware.com\/es\/wp-json\/wp\/v2\/media\/2560"}],"wp:attachment":[{"href":"https:\/\/www.auspacekitchenware.com\/es\/wp-json\/wp\/v2\/media?parent=2553"}],"wp:term":[{"taxonomy":"product_brand","embeddable":true,"href":"https:\/\/www.auspacekitchenware.com\/es\/wp-json\/wp\/v2\/product_brand?post=2553"},{"taxonomy":"product_cat","embeddable":true,"href":"https:\/\/www.auspacekitchenware.com\/es\/wp-json\/wp\/v2\/product_cat?post=2553"},{"taxonomy":"product_tag","embeddable":true,"href":"https:\/\/www.auspacekitchenware.com\/es\/wp-json\/wp\/v2\/product_tag?post=2553"}],"curies":[{"name":"wp","href":"https:\/\/api.w.org\/{rel}","templated":true}]}}