{"id":12970,"date":"2025-11-25T09:56:00","date_gmt":"2025-11-25T09:56:00","guid":{"rendered":"https:\/\/auspacekitchenware.com\/?post_type=product&#038;p=12970"},"modified":"2025-11-25T10:31:07","modified_gmt":"2025-11-25T10:31:07","slug":"fabricante-de-botellas-de-acero-inoxidable","status":"publish","type":"product","link":"https:\/\/www.auspacekitchenware.com\/es\/stainless-steel-bottle-manufacturer\/","title":{"rendered":"Fabricante de botellas de acero inoxidable"},"content":{"rendered":"<div class=\"auto-hide-last-sibling-br paragraph-pP9ZLC paragraph-element br-paragraph-space\">\n<div class=\"auto-hide-last-sibling-br paragraph-pP9ZLC paragraph-element br-paragraph-space\">Como fabricante de botellas de acero inoxidable de confianza, ofrecemos a nuestros socios B2B cuatro puntos fuertes fundamentales:<\/div>\n<h3 class=\"header-iWP5WJ auto-hide-last-sibling-br\">Materiales seguros para alimentos y duraderos<\/h3>\n<div class=\"auto-hide-last-sibling-br paragraph-pP9ZLC paragraph-element br-paragraph-space\">Nuestras botellas est\u00e1n fabricadas con acero inoxidable 304 de primera calidad (sin BPA), cumpliendo con las normas de seguridad alimentaria de la FDA y la UE. Esto garantiza un uso duradero y la confianza del consumidor, algo fundamental para las marcas, los mayoristas y los importadores que dan prioridad a la integridad del producto.<\/div>\n<h3 class=\"header-iWP5WJ auto-hide-last-sibling-br\">Dise\u00f1o orientado al mercado<\/h3>\n<div class=\"auto-hide-last-sibling-br paragraph-pP9ZLC paragraph-element br-paragraph-space\">Con un elegante acabado mate, tapa de madera y una pr\u00e1ctica asa de transporte, nuestras botellas destacan en las tiendas. Ofrecemos opciones de colores y logotipos personalizados (por ejemplo, grabado l\u00e1ser) para ayudar a su marca a crear ofertas al por mayor \u00fanicas que impulsen las ventas.<\/div>\n<h3 class=\"header-iWP5WJ auto-hide-last-sibling-br\">Capacidades OEM flexibles<\/h3>\n<div class=\"auto-hide-last-sibling-br paragraph-pP9ZLC paragraph-element br-paragraph-space\">Como f\u00e1brica con amplia experiencia, ofrecemos soporte para proyectos OEM completos. Ya sea que necesite combinar colores, ajustar el empaque o modificar el dise\u00f1o, convertimos los conceptos en productos personalizados, con una cantidad m\u00ednima de pedido (MOQ) de 3000 unidades para equilibrar el costo y la escala.<\/div>\n<h3 class=\"header-iWP5WJ auto-hide-last-sibling-br\">Suministro eficiente a granel<\/h3>\n<div class=\"auto-hide-last-sibling-br paragraph-pP9ZLC paragraph-element br-paragraph-space\">Con un MOQ de 3000 unidades, garantizamos una capacidad de producci\u00f3n estable para satisfacer las demandas mayoristas. Nuestros precios competitivos, nuestra log\u00edstica optimizada y nuestra puntualidad en las entregas ayudan a los distribuidores a maximizar sus m\u00e1rgenes de ganancia.<\/div>\n<\/div>\n<div class=\"auto-hide-last-sibling-br paragraph-pP9ZLC paragraph-element br-paragraph-space\"><\/div>","protected":false},"excerpt":{"rendered":"<table style=\"height: 304px\" width=\"672\">\n<tbody>\n<tr>\n<td>Modelo (n\u00famero de producto):<\/td>\n<td>AU-BT0259<\/td>\n<\/tr>\n<tr>\n<td>Tama\u00f1o del producto:<\/td>\n<td>6,8 x 6,8 x 26,3 cm 400 ml<\/td>\n<\/tr>\n<tr>\n<td>Material del producto<\/td>\n<td>SS304<\/td>\n<\/tr>\n<tr>\n<td>Color del producto:<\/td>\n<td>Personalizado<\/td>\n<\/tr>\n<tr>\n<td>Informaci\u00f3n sobre el empaque:<\/td>\n<td>24 piezas por caja<\/td>\n<\/tr>\n<tr>\n<td>Cantidad m\u00ednima de pedido:<\/td>\n<td>3000 unidades<\/td>\n<\/tr>\n<tr>\n<td>Origen:<\/td>\n<td>China<\/td>\n<\/tr>\n<tr>\n<td>Precio:<\/td>\n<td>Negociaci\u00f3n<\/td>\n<\/tr>\n<\/tbody>\n<\/table>","protected":false},"featured_media":12976,"comment_status":"open","ping_status":"closed","template":"","meta":{"_acf_changed":false},"product_brand":[135],"product_cat":[52,20],"product_tag":[],"class_list":{"0":"post-12970","1":"product","2":"type-product","3":"status-publish","4":"has-post-thumbnail","6":"product_brand-auspace","7":"product_cat-stainless-steel-water-bottle","8":"product_cat-water-bottles","9":"pif-has-gallery","11":"first","12":"instock","13":"shipping-taxable","14":"purchasable","15":"product-type-simple"},"acf":[],"_links":{"self":[{"href":"https:\/\/www.auspacekitchenware.com\/es\/wp-json\/wp\/v2\/product\/12970","targetHints":{"allow":["GET"]}}],"collection":[{"href":"https:\/\/www.auspacekitchenware.com\/es\/wp-json\/wp\/v2\/product"}],"about":[{"href":"https:\/\/www.auspacekitchenware.com\/es\/wp-json\/wp\/v2\/types\/product"}],"replies":[{"embeddable":true,"href":"https:\/\/www.auspacekitchenware.com\/es\/wp-json\/wp\/v2\/comments?post=12970"}],"wp:featuredmedia":[{"embeddable":true,"href":"https:\/\/www.auspacekitchenware.com\/es\/wp-json\/wp\/v2\/media\/12976"}],"wp:attachment":[{"href":"https:\/\/www.auspacekitchenware.com\/es\/wp-json\/wp\/v2\/media?parent=12970"}],"wp:term":[{"taxonomy":"product_brand","embeddable":true,"href":"https:\/\/www.auspacekitchenware.com\/es\/wp-json\/wp\/v2\/product_brand?post=12970"},{"taxonomy":"product_cat","embeddable":true,"href":"https:\/\/www.auspacekitchenware.com\/es\/wp-json\/wp\/v2\/product_cat?post=12970"},{"taxonomy":"product_tag","embeddable":true,"href":"https:\/\/www.auspacekitchenware.com\/es\/wp-json\/wp\/v2\/product_tag?post=12970"}],"curies":[{"name":"wp","href":"https:\/\/api.w.org\/{rel}","templated":true}]}}