{"id":10995,"date":"2025-09-17T07:22:39","date_gmt":"2025-09-17T07:22:39","guid":{"rendered":"https:\/\/auspacekitchenware.com\/?post_type=product&#038;p=10995"},"modified":"2025-09-18T06:45:14","modified_gmt":"2025-09-18T06:45:14","slug":"proveedor-de-botellas-de-agua-con-forma-de-pina","status":"publish","type":"product","link":"https:\/\/www.auspacekitchenware.com\/es\/pineapple-shape-water-bottle-supplier\/","title":{"rendered":"Proveedor de botellas de agua con forma de pi\u00f1a"},"content":{"rendered":"<h3><span class=\"a-list-item\">Bonita botella de agua con forma de pi\u00f1a<\/span><\/h3>\n<p><span class=\"a-list-item\">El creativo dise\u00f1o en forma de pi\u00f1a, que atrae f\u00e1cilmente la mirada de los transe\u00fantes y se convierte r\u00e1pidamente en el centro de atenci\u00f3n de multitudes o reuniones, tambi\u00e9n har\u00e1 que a tu hijo le encante beber agua.<\/span><\/p>\n<h3><span class=\"a-list-item\">Botellas de pi\u00f1a con cord\u00f3n<\/span><\/h3>\n<p><span class=\"a-list-item\">El proveedor de botellas de agua con forma de pi\u00f1a con una correa para el hombro ajustable y colorida, que se puede llevar en la mano o al hombro. La correa para el hombro se puede ajustar hasta una longitud de 127 cm, lo que satisface las necesidades de la mayor\u00eda de las personas.<\/span><\/p>\n<h3><span class=\"a-list-item\">Material confiable<\/span><\/h3>\n<p><span class=\"a-list-item\">El proveedor de botellas de agua con forma de pi\u00f1a utiliza gel de s\u00edlice y material PC seguros y aptos para uso alimentario, que pueden utilizarse para agua potable, leche, zumos, cerveza, t\u00e9 y vino blanco. Son f\u00e1ciles de limpiar, resistentes a las ca\u00eddas, reutilizables y duraderas. (NOTA: No introduzca agua ni bebidas a m\u00e1s de 60 \u2103 en la botella para evitar quemaduras).<\/span><\/p>\n<h3><span class=\"a-list-item\">Dise\u00f1o a prueba de fugas<\/span><\/h3>\n<p><span class=\"a-list-item\">La boca de la botella de agua con forma de pi\u00f1a y pajita adopta un dise\u00f1o herm\u00e9tico para proteger la limpieza de la pajita y evitar fugas cuando la botella est\u00e1 cerrada, lo que facilita su transporte. As\u00ed, la botella de agua con forma de pi\u00f1a se puede meter en la mochila de los ni\u00f1os para disfrutar de los viajes y los deportes al aire libre.<\/span><\/p>\n<h3><span class=\"a-list-item\">Los mejores regalos<\/span><\/h3>\n<p><span class=\"a-list-item\">Sorprenda a sus seres queridos con esta incre\u00edble botella de agua con forma de pi\u00f1a. Es el mejor regalo que puede comprar para sus amigos o familiares en Navidad, el D\u00eda de las Madres, un aniversario, una boda, un cumplea\u00f1os o cualquier otra ocasi\u00f3n. Les encantar\u00e1.<\/span><\/p>\n<div id=\"product-details-jumplink\" class=\"a-section\"><\/div>","protected":false},"excerpt":{"rendered":"<table style=\"height: 304px;\" width=\"672\">\n<tbody>\n<tr>\n<td>Modelo (n\u00famero de producto):<\/td>\n<td>AU-BT0167<\/td>\n<\/tr>\n<tr>\n<td>Tama\u00f1o del producto:<\/td>\n<td>11 x 15 cm, 600 ml<\/td>\n<\/tr>\n<tr>\n<td>Material del producto:<\/td>\n<td>PC+ABS<\/td>\n<\/tr>\n<tr>\n<td>Color del producto:<\/td>\n<td>Personalizado<\/td>\n<\/tr>\n<tr>\n<td>Informaci\u00f3n sobre el empaque:<\/td>\n<td>24 piezas por caja<\/td>\n<\/tr>\n<tr>\n<td>Cantidad m\u00ednima de pedido:<\/td>\n<td>3000 unidades<\/td>\n<\/tr>\n<tr>\n<td>Origen:<\/td>\n<td>China<\/td>\n<\/tr>\n<tr>\n<td>Precio:<\/td>\n<td>Negociaci\u00f3n<\/td>\n<\/tr>\n<\/tbody>\n<\/table>","protected":false},"featured_media":10996,"comment_status":"open","ping_status":"closed","template":"","meta":{"_acf_changed":false},"product_brand":[146],"product_cat":[20,98],"product_tag":[138],"class_list":{"0":"post-10995","1":"product","2":"type-product","3":"status-publish","4":"has-post-thumbnail","6":"product_brand-ltd","7":"product_cat-water-bottles","8":"product_cat-kids-water-bottle","9":"product_tag-popular","10":"pif-has-gallery","12":"first","13":"instock","14":"shipping-taxable","15":"product-type-simple"},"acf":[],"_links":{"self":[{"href":"https:\/\/www.auspacekitchenware.com\/es\/wp-json\/wp\/v2\/product\/10995","targetHints":{"allow":["GET"]}}],"collection":[{"href":"https:\/\/www.auspacekitchenware.com\/es\/wp-json\/wp\/v2\/product"}],"about":[{"href":"https:\/\/www.auspacekitchenware.com\/es\/wp-json\/wp\/v2\/types\/product"}],"replies":[{"embeddable":true,"href":"https:\/\/www.auspacekitchenware.com\/es\/wp-json\/wp\/v2\/comments?post=10995"}],"wp:featuredmedia":[{"embeddable":true,"href":"https:\/\/www.auspacekitchenware.com\/es\/wp-json\/wp\/v2\/media\/10996"}],"wp:attachment":[{"href":"https:\/\/www.auspacekitchenware.com\/es\/wp-json\/wp\/v2\/media?parent=10995"}],"wp:term":[{"taxonomy":"product_brand","embeddable":true,"href":"https:\/\/www.auspacekitchenware.com\/es\/wp-json\/wp\/v2\/product_brand?post=10995"},{"taxonomy":"product_cat","embeddable":true,"href":"https:\/\/www.auspacekitchenware.com\/es\/wp-json\/wp\/v2\/product_cat?post=10995"},{"taxonomy":"product_tag","embeddable":true,"href":"https:\/\/www.auspacekitchenware.com\/es\/wp-json\/wp\/v2\/product_tag?post=10995"}],"curies":[{"name":"wp","href":"https:\/\/api.w.org\/{rel}","templated":true}]}}